{"id":9818,"date":"2025-08-04T15:06:28","date_gmt":"2025-08-04T13:06:28","guid":{"rendered":"https:\/\/www.cyber-italia.com\/?page_id=9818"},"modified":"2025-08-04T15:09:06","modified_gmt":"2025-08-04T13:09:06","slug":"dichiarazione-di-accessibilita","status":"publish","type":"page","link":"https:\/\/www.cyber-italia.com\/es\/dichiarazione-di-accessibilita\/","title":{"rendered":"Dichiarazione di accessibilit\u00e0"},"content":{"rendered":"<p><\/p>\n\n\n\n<h3 class=\"wp-block-heading\">Informazioni generali<\/h3>\n\n\n\n<ul class=\"wp-block-list\">\n<li><strong>Nome dell&#8217;organizzazione<\/strong>: Cyber Italia S.r.l.<\/li>\n\n\n\n<li><strong>Sito web<\/strong>: <a>https:\/\/www.cyber-italia.com<\/a><\/li>\n\n\n\n<li><strong>Data di pubblicazione della dichiarazione<\/strong>: 23 luglio 2025<\/li>\n\n\n\n<li><strong>Data ultimo aggiornamento<\/strong>: 23 luglio 2025<\/li>\n\n\n\n<li><strong>Persona di contatto<\/strong>: Ufficio Marketing \u2013 <a><a href=\"mailto:cyber@cyber-italia.com\">cyber@cyber-italia.com<\/a><\/a><\/li>\n<\/ul>\n\n\n\n<hr class=\"wp-block-separator has-alpha-channel-opacity\"\/>\n\n\n\n<h3 class=\"wp-block-heading\">Conformit\u00e0 con l&#8217;European Accessibility Act<\/h3>\n\n\n\n<p>La presente dichiarazione \u00e8 redatta in conformit\u00e0 all\u2019European Accessibility Act (Direttiva UE 2019\/882) e alle normative nazionali vigenti.<\/p>\n\n\n\n<p><strong>Stato di conformit\u00e0<\/strong>:<br>Il sito \u00e8 <strong>parzialmente conforme<\/strong> ai requisiti delle Web Content Accessibility Guidelines (WCAG) 2.1 livello AA.<\/p>\n\n\n\n<hr class=\"wp-block-separator has-alpha-channel-opacity\"\/>\n\n\n\n<h3 class=\"wp-block-heading\">Contenuti non accessibili<\/h3>\n\n\n\n<p><strong>Non conformit\u00e0 alla Direttiva<\/strong><\/p>\n\n\n\n<ol class=\"wp-block-list\">\n<li><strong>Compatibilit\u00e0 con tecnologie assistive<\/strong>\n<ul class=\"wp-block-list\">\n<li><strong>Uso errato di ruoli ARIA obbligatori<\/strong> <br>Soluzione: assicurarsi che gli elementi con ruoli ARIA richiesti abbiano i figli corretti, secondo WCAG 2.1<\/li>\n\n\n\n<li><strong>Attributi ARIA proibiti<\/strong> <br>Soluzione: rimuovere o sostituire attributi ARIA non consentiti per il ruolo in uso<\/li>\n<\/ul>\n<\/li>\n\n\n\n<li><strong>Contrasto e leggibilit\u00e0<\/strong>\n<ul class=\"wp-block-list\">\n<li><strong>Contrasto colore insufficiente<\/strong> <br>Soluzione: garantire un rapporto di contrasto minimo di 4.5:1 tra testo e sfondo<\/li>\n<\/ul>\n<\/li>\n\n\n\n<li><strong>Immagini<\/strong>\n<ul class=\"wp-block-list\">\n<li><strong>Elementi con ruolo \u201cimg\u201d privi di testo alternativo<\/strong> <br>Soluzione: aggiungere attributi <code>alt<\/code> descrittivi a ogni elemento grafico rilevante<\/li>\n<\/ul>\n<\/li>\n<\/ol>\n\n\n\n<hr class=\"wp-block-separator has-alpha-channel-opacity\"\/>\n\n\n\n<h3 class=\"wp-block-heading\">Onere sproporzionato<\/h3>\n\n\n\n<p>Attualmente <strong>non sono presenti contenuti esclusi per onere sproporzionato<\/strong>.<\/p>\n\n\n\n<hr class=\"wp-block-separator has-alpha-channel-opacity\"\/>\n\n\n\n<h3 class=\"wp-block-heading\">Contenuti esclusi dall\u2019ambito della normativa<\/h3>\n\n\n\n<p>Non risultano contenuti esclusi ai sensi dell\u2019articolo 5 della Direttiva.<\/p>\n\n\n\n<hr class=\"wp-block-separator has-alpha-channel-opacity\"\/>\n\n\n\n<h3 class=\"wp-block-heading\">Piano di miglioramento<\/h3>\n\n\n\n<p><strong>Fase 1 \u2013 Interventi prioritari (entro settembre 2025)<\/strong><\/p>\n\n\n\n<ul class=\"wp-block-list\">\n<li>Correzione degli attributi ARIA errati o mancanti<\/li>\n\n\n\n<li>Revisione e aggiornamento del contrasto colore tra testo e sfondo<\/li>\n<\/ul>\n\n\n\n<p><strong>Fase 2 \u2013 Correzioni intermedie (entro ottobre 2025)<\/strong><\/p>\n\n\n\n<ul class=\"wp-block-list\">\n<li>Aggiunta testi alternativi per tutte le immagini con ruolo \u201cimg\u201d<\/li>\n\n\n\n<li>Verifica semantica completa degli elementi HTML e ARIA<\/li>\n<\/ul>\n\n\n\n<p><strong>Fase 3 \u2013 Conformit\u00e0 completa (entro dicembre 2025)<\/strong><\/p>\n\n\n\n<ul class=\"wp-block-list\">\n<li>Test con tecnologie assistive (screen reader, tastiera)<\/li>\n\n\n\n<li>Verifica manuale su tutte le pagine principali<\/li>\n\n\n\n<li>Monitoraggio accessibilit\u00e0 continuo tramite strumenti automatizzati e revisione periodica<\/li>\n<\/ul>\n\n\n\n<hr class=\"wp-block-separator has-alpha-channel-opacity\"\/>\n\n\n\n<h3 class=\"wp-block-heading\">Feedback e contatti<\/h3>\n\n\n\n<p>Per segnalare barriere di accessibilit\u00e0 o richiedere contenuti alternativi, \u00e8 possibile contattare:<\/p>\n\n\n\n<ul class=\"wp-block-list\">\n<li><strong>Correo electr\u00f3nico<\/strong>: <a><a href=\"mailto:cyber@cyber-italia.com\">cyber@cyber-italia.com<\/a><\/a><\/li>\n\n\n\n<li><strong>Tel\u00e9fono<\/strong>: <a href=\"tel:+39053267317\">+39 0532 67317<\/a><\/li>\n\n\n\n<li><strong>Indirizzo postale<\/strong>: Via M. M. Plattis, 32 &#8211; 44124 Ferrara<\/li>\n\n\n\n<li><strong>Modulo di contatto<\/strong>: <a>https:\/\/www.cyber-italia.com\/contatti<\/a><\/li>\n\n\n\n<li><strong>Tempi di risposta<\/strong>: entro 7 giorni lavorativi<\/li>\n<\/ul>\n\n\n\n<hr class=\"wp-block-separator has-alpha-channel-opacity\"\/>\n\n\n\n<h3 class=\"wp-block-heading\">Alternative accessibili<\/h3>\n\n\n\n<p>In caso di contenuti non accessibili, forniamo:<\/p>\n\n\n\n<ul class=\"wp-block-list\">\n<li>Versioni in PDF accessibile<\/li>\n\n\n\n<li>Contenuti equivalenti via email<\/li>\n\n\n\n<li>Assistenza personalizzata via telefono o videochiamata<\/li>\n<\/ul>\n\n\n\n<hr class=\"wp-block-separator has-alpha-channel-opacity\"\/>\n\n\n\n<h3 class=\"wp-block-heading\">Procedura di ricorso<\/h3>\n\n\n\n<p>Se non siete soddisfatti della nostra risposta, potete rivolgervi a:<\/p>\n\n\n\n<ul class=\"wp-block-list\">\n<li><strong>Autorit\u00e0 competente<\/strong>: Agenzia per l\u2019Italia Digitale (AgID)<\/li>\n\n\n\n<li><strong>Sito web<\/strong>: <a>https:\/\/www.agid.gov.it<\/a><\/li>\n\n\n\n<li><strong>Correo electr\u00f3nico<\/strong>: <a>accessibilita@agid.gov.it<\/a><\/li>\n\n\n\n<li><strong>Tel\u00e9fono<\/strong>: +39 06 85264 1<\/li>\n<\/ul>\n\n\n\n<hr class=\"wp-block-separator has-alpha-channel-opacity\"\/>\n\n\n\n<h3 class=\"wp-block-heading\">Informazioni tecniche<\/h3>\n\n\n\n<ul class=\"wp-block-list\">\n<li><strong>Standard di riferimento<\/strong>: WCAG 2.1 livello AA<\/li>\n\n\n\n<li><strong>Metodi di valutazione<\/strong>: Analisi automatica tramite A11Y Audit Tool e verifica manuale selettiva<\/li>\n\n\n\n<li><strong>Strumenti utilizzati<\/strong>: WeggAgency A11Y Audit Tool<\/li>\n\n\n\n<li><strong>Data ultima valutazione<\/strong>: 23 luglio 2025<\/li>\n<\/ul>\n\n\n\n<hr class=\"wp-block-separator has-alpha-channel-opacity\"\/>\n\n\n\n<p><strong>Dichiarazione redatta il 23 luglio 2025<\/strong>, sulla base di una valutazione effettuata nella stessa data.<\/p>","protected":false},"excerpt":{"rendered":"<p>Informazioni generali Conformit\u00e0 con l&#8217;European Accessibility Act La presente dichiarazione \u00e8 redatta in conformit\u00e0 all\u2019European Accessibility Act (Direttiva UE 2019\/882) e alle normative nazionali vigenti. Stato di conformit\u00e0:Il sito \u00e8 parzialmente conforme ai requisiti delle Web Content Accessibility Guidelines (WCAG) 2.1 livello AA. Contenuti non accessibili Non conformit\u00e0 alla Direttiva Onere sproporzionato Attualmente non sono [&hellip;]<\/p>\n","protected":false},"author":1,"featured_media":0,"parent":0,"menu_order":0,"comment_status":"closed","ping_status":"closed","template":"","meta":{"_acf_changed":false,"footnotes":""},"class_list":["post-9818","page","type-page","status-publish","hentry"],"acf":[],"_links":{"self":[{"href":"https:\/\/www.cyber-italia.com\/es\/wp-json\/wp\/v2\/pages\/9818","targetHints":{"allow":["GET"]}}],"collection":[{"href":"https:\/\/www.cyber-italia.com\/es\/wp-json\/wp\/v2\/pages"}],"about":[{"href":"https:\/\/www.cyber-italia.com\/es\/wp-json\/wp\/v2\/types\/page"}],"author":[{"embeddable":true,"href":"https:\/\/www.cyber-italia.com\/es\/wp-json\/wp\/v2\/users\/1"}],"replies":[{"embeddable":true,"href":"https:\/\/www.cyber-italia.com\/es\/wp-json\/wp\/v2\/comments?post=9818"}],"version-history":[{"count":0,"href":"https:\/\/www.cyber-italia.com\/es\/wp-json\/wp\/v2\/pages\/9818\/revisions"}],"wp:attachment":[{"href":"https:\/\/www.cyber-italia.com\/es\/wp-json\/wp\/v2\/media?parent=9818"}],"curies":[{"name":"wp","href":"https:\/\/api.w.org\/{rel}","templated":true}]}}