{"id":890,"date":"2024-07-16T11:36:08","date_gmt":"2024-07-16T09:36:08","guid":{"rendered":"https:\/\/cyber.weggagency.com\/?page_id=890"},"modified":"2026-04-21T13:05:31","modified_gmt":"2026-04-21T11:05:31","slug":"blog","status":"publish","type":"page","link":"https:\/\/www.cyber-italia.com\/fr\/blog\/","title":{"rendered":"Blog"},"content":{"rendered":"<div data-elementor-type=\"wp-page\" data-elementor-id=\"890\" class=\"elementor elementor-890\" data-elementor-post-type=\"page\">\n\t\t\t\t<div class=\"elementor-element elementor-element-d6d689f e-con-full e-flex e-con e-parent\" data-id=\"d6d689f\" data-element_type=\"container\" data-e-type=\"container\">\n\t\t<div class=\"elementor-element elementor-element-a8dd4d3 e-con-full e-flex e-con e-child\" data-id=\"a8dd4d3\" data-element_type=\"container\" data-e-type=\"container\" data-settings=\"{&quot;background_background&quot;:&quot;classic&quot;}\">\n\t\t\t\t<\/div>\n\t\t<div class=\"elementor-element elementor-element-95cd7bd e-con-full e-flex e-con e-child\" data-id=\"95cd7bd\" data-element_type=\"container\" data-e-type=\"container\" data-settings=\"{&quot;background_background&quot;:&quot;gradient&quot;}\">\n\t\t\t\t<div class=\"elementor-element elementor-element-45fb8cf elementor-widget elementor-widget-shortcode\" data-id=\"45fb8cf\" data-element_type=\"widget\" data-e-type=\"widget\" data-widget_type=\"shortcode.default\">\n\t\t\t\t<div class=\"elementor-widget-container\">\n\t\t\t\t\t\t\t<div class=\"elementor-shortcode\"><\/div>\n\t\t\t\t\t\t<\/div>\n\t\t\t\t<\/div>\n\t\t\t\t<div class=\"elementor-element elementor-element-41f2812 elementor-widget elementor-widget-heading\" data-id=\"41f2812\" data-element_type=\"widget\" data-e-type=\"widget\" data-widget_type=\"heading.default\">\n\t\t\t\t<div class=\"elementor-widget-container\">\n\t\t\t\t\t<h1 class=\"elementor-heading-title elementor-size-default\">BLOG<\/h1>\t\t\t\t<\/div>\n\t\t\t\t<\/div>\n\t\t\t\t<div class=\"elementor-element elementor-element-793454f elementor-widget elementor-widget-text-editor\" data-id=\"793454f\" data-element_type=\"widget\" data-e-type=\"widget\" data-widget_type=\"text-editor.default\">\n\t\t\t\t<div class=\"elementor-widget-container\">\n\t\t\t\t\t\t\t\t\t<p class=\"translation-block\">Cyber <b>con\u00e7oit et produit des syst\u00e8mes de stockage et d'archivage <\/b> personnalis\u00e9s en mettant l'accent sur l'innovation et la personnalisation.<\/p><p><strong>Voir les derni\u00e8res nouvelles directement \u00e0 partir de notre blog.<\/strong><\/p>\t\t\t\t\t\t\t\t<\/div>\n\t\t\t\t<\/div>\n\t\t\t\t<\/div>\n\t\t\t\t<\/div>\n\t\t<div class=\"elementor-element elementor-element-6e47b6a e-flex e-con-boxed e-con e-parent\" data-id=\"6e47b6a\" data-element_type=\"container\" data-e-type=\"container\">\n\t\t\t\t\t<div class=\"e-con-inner\">\n\t\t<div class=\"elementor-element elementor-element-c727aed e-con-full e-flex e-con e-child\" data-id=\"c727aed\" data-element_type=\"container\" data-e-type=\"container\">\n\t\t\t\t<div class=\"elementor-element elementor-element-c28ef72 elementor-widget elementor-widget-image\" data-id=\"c28ef72\" data-element_type=\"widget\" data-e-type=\"widget\" data-widget_type=\"image.default\">\n\t\t\t\t<div class=\"elementor-widget-container\">\n\t\t\t\t\t\t\t\t\t\t\t\t\t\t\t\t<a href=\"https:\/\/b3821715.smushcdn.com\/3821715\/wp-content\/uploads\/2024\/11\/Sponsorizzazione-progetto_page-0001-scaled.jpg?lossy=1&strip=1&webp=1\" data-elementor-open-lightbox=\"yes\" data-elementor-lightbox-title=\"Sponsorizzazione progetto_page-0001\" data-e-action-hash=\"#elementor-action%3Aaction%3Dlightbox%26settings%3DeyJpZCI6MjM2OCwidXJsIjoiaHR0cHM6XC9cL3d3dy5jeWJlci1pdGFsaWEuY29tXC93cC1jb250ZW50XC91cGxvYWRzXC8yMDI0XC8xMVwvU3BvbnNvcml6emF6aW9uZS1wcm9nZXR0b19wYWdlLTAwMDEtc2NhbGVkLmpwZyJ9\">\n\t\t\t\t\t\t\t<img loading=\"lazy\" decoding=\"async\" width=\"800\" height=\"545\" src=\"https:\/\/b3821715.smushcdn.com\/3821715\/wp-content\/uploads\/2024\/11\/Sponsorizzazione-progetto_page-0001-1024x697.jpg?lossy=1&strip=1&webp=1\" class=\"attachment-large size-large wp-image-2368\" alt=\"Sponsorizzazione progetto europeo Cyber\" srcset=\"https:\/\/b3821715.smushcdn.com\/3821715\/wp-content\/uploads\/2024\/11\/Sponsorizzazione-progetto_page-0001-1024x697.jpg?lossy=1&strip=1&webp=1 1024w, https:\/\/b3821715.smushcdn.com\/3821715\/wp-content\/uploads\/2024\/11\/Sponsorizzazione-progetto_page-0001-300x204.jpg?lossy=1&strip=1&webp=1 300w, https:\/\/b3821715.smushcdn.com\/3821715\/wp-content\/uploads\/2024\/11\/Sponsorizzazione-progetto_page-0001-768x522.jpg?lossy=1&strip=1&webp=1 768w, https:\/\/b3821715.smushcdn.com\/3821715\/wp-content\/uploads\/2024\/11\/Sponsorizzazione-progetto_page-0001-1536x1045.jpg?lossy=1&strip=1&webp=1 1536w, https:\/\/b3821715.smushcdn.com\/3821715\/wp-content\/uploads\/2024\/11\/Sponsorizzazione-progetto_page-0001-scaled.jpg?lossy=1&strip=1&webp=1 2048w, https:\/\/b3821715.smushcdn.com\/3821715\/wp-content\/uploads\/2024\/11\/Sponsorizzazione-progetto_page-0001.jpg?size=160x109&lossy=1&strip=1&webp=1 160w, https:\/\/b3821715.smushcdn.com\/3821715\/wp-content\/uploads\/2024\/11\/Sponsorizzazione-progetto_page-0001.jpg?size=480x327&lossy=1&strip=1&webp=1 480w, https:\/\/b3821715.smushcdn.com\/3821715\/wp-content\/uploads\/2024\/11\/Sponsorizzazione-progetto_page-0001.jpg?size=640x436&lossy=1&strip=1&webp=1 640w\" sizes=\"auto, (max-width: 800px) 100vw, 800px\" \/>\t\t\t\t\t\t\t\t<\/a>\n\t\t\t\t\t\t\t\t\t\t\t\t\t\t\t<\/div>\n\t\t\t\t<\/div>\n\t\t\t\t<\/div>\n\t\t<div class=\"elementor-element elementor-element-d94584e e-con-full e-flex e-con e-child\" data-id=\"d94584e\" data-element_type=\"container\" data-e-type=\"container\">\n\t\t\t\t<div class=\"elementor-element elementor-element-3bfcc5a elementor-widget elementor-widget-text-editor\" data-id=\"3bfcc5a\" data-element_type=\"widget\" data-e-type=\"widget\" data-widget_type=\"text-editor.default\">\n\t\t\t\t<div class=\"elementor-widget-container\">\n\t\t\t\t\t\t\t\t\t<p><strong>Cyber Italia annonce que le projet pr\u00e9sent\u00e9 \u00e0 travers \"l' appel \u00e0 projets de promotion  des exportations  et participation \u00e0 des salons en 2023\" a \u00e9t\u00e9 accept\u00e9.\u00a0<\/strong><\/p><p><em>Cliquez sur l\u2019image pour voir les d\u00e9tails<\/em><\/p>\t\t\t\t\t\t\t\t<\/div>\n\t\t\t\t<\/div>\n\t\t\t\t<\/div>\n\t\t\t\t\t<\/div>\n\t\t\t\t<\/div>\n\t\t<div class=\"elementor-element elementor-element-408a9f0 e-grid e-con-boxed e-con e-parent\" data-id=\"408a9f0\" data-element_type=\"container\" data-e-type=\"container\">\n\t\t\t\t\t<div class=\"e-con-inner\">\n\t\t\t\t<div class=\"elementor-element elementor-element-9304e9a elementor-widget elementor-widget-heading\" data-id=\"9304e9a\" data-element_type=\"widget\" data-e-type=\"widget\" data-widget_type=\"heading.default\">\n\t\t\t\t<div class=\"elementor-widget-container\">\n\t\t\t\t\t<h2 class=\"elementor-heading-title elementor-size-default\"><br><br><br><br><br><br><br><br><br><br><br><br><br><br>Cyber S.r.l<br>Politica integrata Qualit\u00e0 e Ambiente<br><\/h2>\t\t\t\t<\/div>\n\t\t\t\t<\/div>\n\t\t<div class=\"elementor-element elementor-element-d4b93ee e-con-full e-flex e-con e-child\" data-id=\"d4b93ee\" data-element_type=\"container\" data-e-type=\"container\">\n\t\t\t\t<div class=\"elementor-element elementor-element-e535e1a elementor-widget elementor-widget-image\" data-id=\"e535e1a\" data-element_type=\"widget\" data-e-type=\"widget\" data-widget_type=\"image.default\">\n\t\t\t\t<div class=\"elementor-widget-container\">\n\t\t\t\t\t\t\t\t\t\t\t\t\t\t\t<img loading=\"lazy\" decoding=\"async\" width=\"724\" height=\"1024\" src=\"https:\/\/b3821715.smushcdn.com\/3821715\/wp-content\/uploads\/2026\/04\/POLITICA_page-0001-724x1024.jpg?lossy=1&strip=1&webp=1\" class=\"attachment-large size-large wp-image-59528\" alt=\"Politica Ambientale\" srcset=\"https:\/\/b3821715.smushcdn.com\/3821715\/wp-content\/uploads\/2026\/04\/POLITICA_page-0001-724x1024.jpg?lossy=1&strip=1&webp=1 724w, https:\/\/b3821715.smushcdn.com\/3821715\/wp-content\/uploads\/2026\/04\/POLITICA_page-0001-212x300.jpg?lossy=1&strip=1&webp=1 212w, https:\/\/b3821715.smushcdn.com\/3821715\/wp-content\/uploads\/2026\/04\/POLITICA_page-0001-768x1086.jpg?lossy=1&strip=1&webp=1 768w, https:\/\/b3821715.smushcdn.com\/3821715\/wp-content\/uploads\/2026\/04\/POLITICA_page-0001-1086x1536.jpg?lossy=1&strip=1&webp=1 1086w, https:\/\/b3821715.smushcdn.com\/3821715\/wp-content\/uploads\/2026\/04\/POLITICA_page-0001-8x12.jpg?lossy=1&strip=1&webp=1 8w, https:\/\/b3821715.smushcdn.com\/3821715\/wp-content\/uploads\/2026\/04\/POLITICA_page-0001.jpg?lossy=1&strip=1&webp=1 1241w, https:\/\/b3821715.smushcdn.com\/3821715\/wp-content\/uploads\/2026\/04\/POLITICA_page-0001.jpg?size=160x226&lossy=1&strip=1&webp=1 160w, https:\/\/b3821715.smushcdn.com\/3821715\/wp-content\/uploads\/2026\/04\/POLITICA_page-0001.jpg?size=320x453&lossy=1&strip=1&webp=1 320w, https:\/\/b3821715.smushcdn.com\/3821715\/wp-content\/uploads\/2026\/04\/POLITICA_page-0001.jpg?size=480x679&lossy=1&strip=1&webp=1 480w, https:\/\/b3821715.smushcdn.com\/3821715\/wp-content\/uploads\/2026\/04\/POLITICA_page-0001.jpg?size=640x905&lossy=1&strip=1&webp=1 640w\" sizes=\"auto, (max-width: 724px) 100vw, 724px\" \/>\t\t\t\t\t\t\t\t\t\t\t\t\t\t\t<\/div>\n\t\t\t\t<\/div>\n\t\t\t\t<\/div>\n\t\t\t\t\t<\/div>\n\t\t\t\t<\/div>\n\t\t<div class=\"elementor-element elementor-element-69e65d8 e-flex e-con-boxed e-con e-parent\" data-id=\"69e65d8\" data-element_type=\"container\" data-e-type=\"container\">\n\t\t\t\t\t<div class=\"e-con-inner\">\n\t\t\t\t\t<\/div>\n\t\t\t\t<\/div>\n\t\t\t\t<\/div>","protected":false},"excerpt":{"rendered":"<p>BLOG Cyber studia, progetta e produce sistemi di magazzinaggio e archiviazione su misura, con un focus particolare sull&#8217;innovazione e la personalizzazione. Leggi qui le ultime news direttamente dal nostro blog. Cyber S.r.l. \u00e8 lieta di comunicare che il progetto presentato tramite &#8220;Bando per il sostegno a progetti di promozione dell&#8217;export e partecipazione ad eventi fieristici [&hellip;]<\/p>\n","protected":false},"author":1,"featured_media":0,"parent":0,"menu_order":0,"comment_status":"closed","ping_status":"closed","template":"elementor_header_footer","meta":{"_acf_changed":false,"footnotes":""},"class_list":["post-890","page","type-page","status-publish","hentry"],"acf":[],"_links":{"self":[{"href":"https:\/\/www.cyber-italia.com\/fr\/wp-json\/wp\/v2\/pages\/890","targetHints":{"allow":["GET"]}}],"collection":[{"href":"https:\/\/www.cyber-italia.com\/fr\/wp-json\/wp\/v2\/pages"}],"about":[{"href":"https:\/\/www.cyber-italia.com\/fr\/wp-json\/wp\/v2\/types\/page"}],"author":[{"embeddable":true,"href":"https:\/\/www.cyber-italia.com\/fr\/wp-json\/wp\/v2\/users\/1"}],"replies":[{"embeddable":true,"href":"https:\/\/www.cyber-italia.com\/fr\/wp-json\/wp\/v2\/comments?post=890"}],"version-history":[{"count":0,"href":"https:\/\/www.cyber-italia.com\/fr\/wp-json\/wp\/v2\/pages\/890\/revisions"}],"wp:attachment":[{"href":"https:\/\/www.cyber-italia.com\/fr\/wp-json\/wp\/v2\/media?parent=890"}],"curies":[{"name":"wp","href":"https:\/\/api.w.org\/{rel}","templated":true}]}}